{"id":5464,"date":"2020-01-08T15:14:06","date_gmt":"2020-01-08T14:14:06","guid":{"rendered":"https:\/\/www.quantasia.ch\/coaching-individuale\/"},"modified":"2020-05-25T12:38:27","modified_gmt":"2020-05-25T10:38:27","slug":"coaching-individuel","status":"publish","type":"page","link":"https:\/\/www.quantasia.ch\/fr\/coaching-individuel\/","title":{"rendered":"Coaching Individuel"},"content":{"rendered":"<section class=\"wpb-content-wrapper\"><p>[vc_row gradient_colors=\u00a0\u00bb%5B%7B%7D%5D\u00a0\u00bb kswr_row_top_decor_enabled=\u00a0\u00bbfalse\u00a0\u00bb kswr_row_bottom_decor_enabled=\u00a0\u00bbfalse\u00a0\u00bb css=\u00a0\u00bb.vc_custom_1578927578488{margin-left: -20px !important;padding-left: 0px !important;}\u00a0\u00bb][vc_column gradient_colors=\u00a0\u00bb%5B%7B%7D%5D\u00a0\u00bb offset=\u00a0\u00bbvc_hidden-sm vc_hidden-xs\u00a0\u00bb][vc_empty_space height=\u00a0\u00bb100px\u00a0\u00bb]<div class=\"kswr-fancytext-container kswr-theelement\" style=\"text-align:left;\">\n\t\t\t\t\t<span class=\"kswr-fancytext-prefix kswr-shortcode-element \" data-fontsettings=\"font-size:19px;\" style=\"font-size:19px;   \"><\/span> \n\t\t\t\t\t<span class=\"kswr-fancytext kswr-shortcode-element \" data-fontsettings=\"font-size:40px;line-height:45px;\" style=\"font-size:40px;line-height:45px; font-family:Montserrat;font-weight:800;  color:#e8e6e8;\" data-style=\"typing\" data-holdtime=\"10000\" data-cursor=\"false\" data-typespeed=\"200\" data-typeanimation=\"none\" data-words=\"[&quot;Bien-\u00eatre . Empowerment . Performance&quot;]\"><\/span>\n\t\t\t\t\t<span class=\"kswr-fancytext-suffix kswr-shortcode-element \" data-fontsettings=\"font-size:19px;\" style=\"font-size:19px;   \"><\/span> \n\t\t\t\t<\/div><div class=\"kswr-responsive-spacer\" data-desk=\"0px\" data-tablet=\"0px\" data-tablet-sm=\"200px\" data-phone=\"200px\" data-phone-sm=\"100px\" style=\"--spc-desk:0px;--spc-tablet:0px;--spc-tablet-sm:200px;--spc-phone:200px;--spc-phone-sm:100px;\"><\/div><div class=\"kswr-animatedheading-ctn kswr-situation-bind\" data-delay=\"200\" data-align=\"left\" data-direction=\"left\" data-style=\"normal\" data-situation=\"hidden\">\n\t\t\t<div class=\"kswr-animatedheading-insider\">\n\t\t\t\t<div class=\"kswr-animatedheading-titlectn kswr-animatedheading-animated\" style=\"background:;\">\n\t\t\t\t\t<div class=\"kswr-animatedheading-titletext kswr-animatedheading-elem kswr-animatedheading-animated kswr-shortcode-element  \" style=\"padding:0px 0px; color:#352e3c;font-size:50px;line-height:60px;font-family:Montserrat;font-weight:200;\" data-fontsettings=\"font-size:50px;line-height:60px;\">Coaching Individuel<\/div><\/div>\t\n\t\t\t<\/div>\n\t\t<\/div>[vc_separator css=\u00a0\u00bb.vc_custom_1576489978459{padding-top: 30px !important;}\u00a0\u00bb][\/vc_column][\/vc_row][vc_row gradient_colors=\u00a0\u00bb%5B%7B%7D%5D\u00a0\u00bb kswr_row_top_decor_enabled=\u00a0\u00bbfalse\u00a0\u00bb kswr_row_bottom_decor_enabled=\u00a0\u00bbfalse\u00a0\u00bb css=\u00a0\u00bb.vc_custom_1578927571765{margin-left: -20px !important;padding-left: 0px !important;}\u00a0\u00bb][vc_column gradient_colors=\u00a0\u00bb%5B%7B%7D%5D\u00a0\u00bb offset=\u00a0\u00bbvc_hidden-lg vc_hidden-md\u00a0\u00bb][vc_empty_space height=\u00a0\u00bb100px\u00a0\u00bb]<div class=\"kswr-animatedheading-ctn kswr-situation-bind\" data-delay=\"200\" data-align=\"left\" data-direction=\"left\" data-style=\"normal\" data-situation=\"hidden\">\n\t\t\t<div class=\"kswr-animatedheading-insider\">\n\t\t\t\t<div class=\"kswr-animatedheading-titlectn kswr-animatedheading-animated\" style=\"background:;\">\n\t\t\t\t\t<div class=\"kswr-animatedheading-titletext kswr-animatedheading-elem kswr-animatedheading-animated kswr-shortcode-element  \" style=\"padding:0px 0px; color:#352e3c;font-size:50px;line-height:60px;font-family:Montserrat;font-weight:200;\" data-fontsettings=\"font-size:50px;line-height:60px;\">Coaching Individuel<\/div><\/div>\t\n\t\t\t<\/div>\n\t\t<\/div>[vc_separator css=\u00a0\u00bb.vc_custom_1576489978459{padding-top: 30px !important;}\u00a0\u00bb][\/vc_column][\/vc_row][vc_row equal_height=\u00a0\u00bbyes\u00a0\u00bb content_placement=\u00a0\u00bbtop\u00a0\u00bb gradient_colors=\u00a0\u00bb%5B%7B%7D%5D\u00a0\u00bb kswr_row_top_decor_enabled=\u00a0\u00bbfalse\u00a0\u00bb kswr_row_bottom_decor_enabled=\u00a0\u00bbfalse\u00a0\u00bb][vc_column width=\u00a0\u00bb1\/2&Prime; gradient_colors=\u00a0\u00bb%5B%7B%7D%5D\u00a0\u00bb][vc_column_text css_animation=\u00a0\u00bbfadeInUp\u00a0\u00bb css=\u00a0\u00bb.vc_custom_1588791717888{padding-top: 30px !important;}\u00a0\u00bb]Gr\u00e2ce aux nombreuses ann\u00e9es d&rsquo;exp\u00e9rience, nous avons d\u00e9velopp\u00e9 une <strong>m\u00e9thode de coaching holistique<\/strong> qui consid\u00e8re l&rsquo;\u00eatre humain comme une unit\u00e9 de <strong>corps, de pens\u00e9es et d\u2019esprit<\/strong> ins\u00e9r\u00e9e dans un contexte de vie donn\u00e9. Lorsque ces \u00e9l\u00e9ments sont d\u00e9salign\u00e9s, d\u00e9sorganis\u00e9s ou en contradiction, des <strong>comportements de sabotage<\/strong> <strong>et de d\u00e9couragement sont mis en \u0153uvre, conscients ou inconscients<\/strong>, ce qui limite la r\u00e9ussite dans tous les domaines de la vie et emp\u00eache de <strong>vivre une vie riche et accomplie.<\/strong>[\/vc_column_text][\/vc_column][vc_column width=\u00a0\u00bb1\/2&Prime; gradient_colors=\u00a0\u00bb%5B%7B%7D%5D\u00a0\u00bb css=\u00a0\u00bb.vc_custom_1578927164150{background-position: center !important;background-repeat: no-repeat !important;background-size: contain !important;}\u00a0\u00bb][vc_column_text css_animation=\u00a0\u00bbfadeInUp\u00a0\u00bb css=\u00a0\u00bb.vc_custom_1588873354964{padding-top: 30px !important;}\u00a0\u00bb]Pendant les sessions de coaching, nous vous enseignons les <strong>strat\u00e9gies de raisonnement<\/strong> pour <strong>booster le mental <\/strong>et nous int\u00e9grons les techniques de <strong>m\u00e9ditation active<\/strong> de la <strong>m\u00e9thode SANE<\/strong><strong>\u00ae\u00a0<\/strong>pour <strong>renforcer vos \u00e9motions<\/strong>, afin de vous rendre autonome pour<strong> g\u00e9rer au mieux votre monde int\u00e9rieur<\/strong>. Vous apprendrez \u00e0 diriger vos pens\u00e9es et vos \u00e9motions consciemment et strat\u00e9giquement vers vos d\u00e9sirs pour<strong> cr\u00e9er de la valeur et du bien-\u00eatre dans votre vie.<\/strong><\/p>\n<h6><em>Coaching \u00e0 Lugano ou en ligne<\/em><\/h6>\n<p>[\/vc_column_text][\/vc_column][\/vc_row][vc_row][vc_column width=\u00a0\u00bb1\/4&Prime;]<div class=\"km-hover-image-container km-masonry-item km-masonry-item-hidden km-filteri-item km-element-box-shadow \" data-style=\"style1\" data-boxshadow=\"off\" data-boxshadow-hover=\"on\" data-boxshadow-style=\"style2\" style=\"--box-shadow-color:rgba(0,0,0,0.5); color:rgba(0,0,0,0.5); border:0px solid ;margin-top:20px;margin-bottom:50px;\" data-overlay=\"on\" data-button=\"on\" data-info=\"on\" data-info-subtitle=\"off\" >\n\t\t\t<div class=\"km-hover-image\">\n\t\t\t\t<img decoding=\"async\" src=\"https:\/\/www.quantasia.ch\/wp-content\/uploads\/2020\/01\/coaching-neuro-emozionale-ok.jpg\">\n\t\t\t\t<div class=\"km-hover-image-overlay\" style=\"background:rgba(0,0,0,0.5);\"><\/div>\n\t\t\t\t<div class=\"km-hover-image-button kswr-shortcode-element   \" data-fontsettings=\"font-size:15px;\" style=\"height:32px; line-height:32px; color:#ffffff; background:;font-size:15px; font-family:Inherit;font-weight:500;\">En savoir plus<\/div>\n\t\t\t<\/div>\n\t\t\t<div class=\"km-hover-image-info\" data-align=\"center\" style=\"color:#333333; background:#ffffff; \">\n\t\t\t\t<div class=\"km-hover-image-title kswr-shortcode-element   \" data-fontsettings=\"font-size:16px;\" style=\"font-size:16px; font-family:Inherit;font-weight:800;\">Coaching Neuro-\u00c9motionnel<\/div>\n\t\t\t\t<div class=\"km-hover-image-subtitle kswr-shortcode-element   \" data-fontsettings=\"font-size:14px;\" style=\"color:#777777;font-size:14px; font-family:Inherit;font-weight:inherit;\">My Subtitle<\/div>\n\t\t\t<\/div>\n\t\t\t\t<a href=\"https:\/\/www.quantasia.ch\/fr\/coaching-neuro-emotionnel\/\" target=\"\"><\/a>\n\t\t<\/div>[\/vc_column][vc_column width=\u00a0\u00bb1\/4&Prime;]<div class=\"km-hover-image-container km-masonry-item km-masonry-item-hidden km-filteri-item km-element-box-shadow \" data-style=\"style3\" data-boxshadow=\"off\" data-boxshadow-hover=\"on\" data-boxshadow-style=\"style2\" style=\"--box-shadow-color:rgba(0,0,0,0.5); color:rgba(0,0,0,0.5); border:0px solid ;margin-top:20px;margin-bottom:50px;\" data-overlay=\"on\" data-button=\"on\" data-info=\"on\" data-info-subtitle=\"off\" >\n\t\t\t<div class=\"km-hover-image\">\n\t\t\t\t<img decoding=\"async\" src=\"https:\/\/www.quantasia.ch\/wp-content\/uploads\/2019\/12\/Life-mental-coaching.jpg\">\n\t\t\t\t<div class=\"km-hover-image-overlay\" style=\"background:rgba(0,0,0,0.5);\"><\/div>\n\t\t\t\t<div class=\"km-hover-image-button kswr-shortcode-element   \" data-fontsettings=\"font-size:15px;\" style=\"height:32px; line-height:32px; color:#ffffff; background:;font-size:15px; font-family:Inherit;font-weight:500;font-style:normal;\">En savoir plus<\/div>\n\t\t\t<\/div>\n\t\t\t<div class=\"km-hover-image-info\" data-align=\"center\" style=\"color:#333333; background:#ffffff; \">\n\t\t\t\t<div class=\"km-hover-image-title kswr-shortcode-element   \" data-fontsettings=\"font-size:16px;\" style=\"font-size:16px; font-family:Inherit;font-weight:800;font-style:normal;\">Life et Mental Coaching<\/div>\n\t\t\t\t<div class=\"km-hover-image-subtitle kswr-shortcode-element   \" data-fontsettings=\"font-size:14px;\" style=\"color:#777777;font-size:14px; font-family:Inherit;font-weight:inherit;font-style:normal;\">My Subtitle<\/div>\n\t\t\t<\/div>\n\t\t\t\t<a href=\"https:\/\/www.quantasia.ch\/fr\/life-et-mental-coaching\/\" target=\"\"><\/a>\n\t\t<\/div>[\/vc_column][vc_column width=\u00a0\u00bb1\/4&Prime;]<div class=\"km-hover-image-container km-masonry-item km-masonry-item-hidden km-filteri-item km-element-box-shadow \" data-style=\"style3\" data-boxshadow=\"off\" data-boxshadow-hover=\"on\" data-boxshadow-style=\"style2\" style=\"--box-shadow-color:rgba(0,0,0,0.5); color:rgba(0,0,0,0.5); border:0px solid ;margin-top:20px;margin-bottom:50px;\" data-overlay=\"on\" data-button=\"on\" data-info=\"on\" data-info-subtitle=\"off\" >\n\t\t\t<div class=\"km-hover-image\">\n\t\t\t\t<img decoding=\"async\" src=\"https:\/\/www.quantasia.ch\/wp-content\/uploads\/2020\/01\/coaching-femminile-ok.jpg\">\n\t\t\t\t<div class=\"km-hover-image-overlay\" style=\"background:rgba(0,0,0,0.5);\"><\/div>\n\t\t\t\t<div class=\"km-hover-image-button kswr-shortcode-element   \" data-fontsettings=\"font-size:15px;\" style=\"height:32px; line-height:32px; color:#ffffff; background:;font-size:15px; font-family:Inherit;font-weight:500;\">En savoir plus<\/div>\n\t\t\t<\/div>\n\t\t\t<div class=\"km-hover-image-info\" data-align=\"center\" style=\"color:#333333; background:#ffffff; \">\n\t\t\t\t<div class=\"km-hover-image-title kswr-shortcode-element   \" data-fontsettings=\"font-size:16px;\" style=\"font-size:16px; font-family:Inherit;font-weight:800;\">Coaching pour les Femmes<\/div>\n\t\t\t\t<div class=\"km-hover-image-subtitle kswr-shortcode-element   \" data-fontsettings=\"font-size:14px;\" style=\"color:#777777;font-size:14px; font-family:Inherit;font-weight:inherit;\">My Subtitle<\/div>\n\t\t\t<\/div>\n\t\t\t\t<a href=\"https:\/\/www.quantasia.ch\/fr\/coaching-feminin\/\" target=\"\"><\/a>\n\t\t<\/div>[\/vc_column][vc_column width=\u00a0\u00bb1\/4&Prime;]<div class=\"km-hover-image-container km-masonry-item km-masonry-item-hidden km-filteri-item km-element-box-shadow \" data-style=\"style3\" data-boxshadow=\"off\" data-boxshadow-hover=\"on\" data-boxshadow-style=\"style2\" style=\"--box-shadow-color:rgba(0,0,0,0.5); color:rgba(0,0,0,0.5); border:0px solid ;margin-top:20px;margin-bottom:50px;\" data-overlay=\"on\" data-button=\"on\" data-info=\"on\" data-info-subtitle=\"off\" >\n\t\t\t<div class=\"km-hover-image\">\n\t\t\t\t<img decoding=\"async\" src=\"https:\/\/www.quantasia.ch\/wp-content\/uploads\/2020\/02\/empowerment-def-ok.jpg\">\n\t\t\t\t<div class=\"km-hover-image-overlay\" style=\"background:rgba(0,0,0,0.5);\"><\/div>\n\t\t\t\t<div class=\"km-hover-image-button kswr-shortcode-element   \" data-fontsettings=\"font-size:15px;\" style=\"height:32px; line-height:32px; color:#ffffff; background:;font-size:15px; font-family:Inherit;font-weight:500;font-style:normal;\">En savoir plus<\/div>\n\t\t\t<\/div>\n\t\t\t<div class=\"km-hover-image-info\" data-align=\"center\" style=\"color:#333333; background:#ffffff; \">\n\t\t\t\t<div class=\"km-hover-image-title kswr-shortcode-element   \" data-fontsettings=\"font-size:16px;\" style=\"font-size:16px; font-family:Inherit;font-weight:800;font-style:normal;\">Empowerment Relationnel<\/div>\n\t\t\t\t<div class=\"km-hover-image-subtitle kswr-shortcode-element   \" data-fontsettings=\"font-size:14px;\" style=\"color:#777777;font-size:14px; font-family:Inherit;font-weight:inherit;font-style:normal;\">My Subtitle<\/div>\n\t\t\t<\/div>\n\t\t\t\t<a href=\"https:\/\/www.quantasia.ch\/fr\/empowerment-relationnel\/\" target=\"\"><\/a>\n\t\t<\/div>[\/vc_column][\/vc_row][vc_row full_width=\u00a0\u00bbstretch_row_content\u00a0\u00bb equal_height=\u00a0\u00bbyes\u00a0\u00bb bgstyle=\u00a0\u00bbattachment\u00a0\u00bb bgimage=\u00a0\u00bb588&Prime; gradient_colors=\u00a0\u00bb%5B%7B%7D%5D\u00a0\u00bb kswr_row_top_decor_enabled=\u00a0\u00bbfalse\u00a0\u00bb kswr_row_bottom_decor_enabled=\u00a0\u00bbfalse\u00a0\u00bb css=\u00a0\u00bb.vc_custom_1574843652007{background-position: center !important;background-repeat: no-repeat !important;background-size: cover !important;}\u00a0\u00bb][vc_column gradient_colors=\u00a0\u00bb%5B%7B%7D%5D\u00a0\u00bb css=\u00a0\u00bb.vc_custom_1574843759636{padding-bottom: 60px !important;}\u00a0\u00bb][vc_row_inner][vc_column_inner css=\u00a0\u00bb.vc_custom_1582272743893{padding-top: 70px !important;padding-bottom: 10px !important;}\u00a0\u00bb]<div class=\"kswr-animatedheading-ctn kswr-situation-bind\" data-delay=\"0\" data-align=\"center\" data-direction=\"left\" data-style=\"normal\" data-situation=\"hidden\">\n\t\t\t<div class=\"kswr-animatedheading-insider\">\n\t\t\t\t<div class=\"kswr-animatedheading-titlectn kswr-animatedheading-animated\" style=\"background:;\">\n\t\t\t\t\t<div class=\"kswr-animatedheading-titletext kswr-animatedheading-elem kswr-animatedheading-animated kswr-shortcode-element  \" style=\"padding:15px 0px; color:#ffffff;font-size:20px;line-height:25px;font-family:Montserrat;font-weight:500;\" data-fontsettings=\"font-size:20px;line-height:25px;\">D\u00e9cidez maintenant de:<\/div><\/div>\t\n\t\t\t<\/div>\n\t\t<\/div><div class=\"kswr-fancytext-container kswr-theelement\" style=\"text-align:center;\">\n\t\t\t\t\t<span class=\"kswr-fancytext-prefix kswr-shortcode-element \" data-fontsettings=\"font-size:19px;\" style=\"font-size:19px;   \"><\/span> \n\t\t\t\t\t<span class=\"kswr-fancytext kswr-shortcode-element \" data-fontsettings=\"font-size:25px;\" style=\"font-size:25px; font-family:Montserrat;font-weight:300;font-style:normal;  color:#ffffff;\" data-style=\"slider\" data-holdtime=\"10000\" data-cursor=\"false\" data-typespeed=\"100\" data-typeanimation=\"none\" data-words=\"[&quot;Transformer votre vie!&quot;,&quot;Laisser aller les peurs et la culpabilit\u00e9, acc\u00e9dez au bien-\u00eatre et au bonheur!&quot;,&quot;Comprendre les lois universelles et cr\u00e9ez une nouvelle r\u00e9alit\u00e9!&quot;,&quot;Augmenter votre potentiel d&#039;attraction et devenez une personne chanceuse!&quot;,&quot;Reprendre confiance en vous et am\u00e9liorer les performances!&lt;\/p&gt;&quot;,&quot;&lt;p&gt;Si vous en voulez plus et que vous voulez du changement, commencez par le vouloir sur vous-m\u00eame, ne remettez plus au lendemain ce que vous pouvez faire aujourd\u2019hui, car ce serait un autre jour de perdu.&quot;]\"><\/span>\n\t\t\t\t\t<span class=\"kswr-fancytext-suffix kswr-shortcode-element \" data-fontsettings=\"font-size:19px;\" style=\"font-size:19px;   \"><\/span> \n\t\t\t\t<\/div>[\/vc_column_inner][\/vc_row_inner][\/vc_column][\/vc_row]<\/p>\n<\/section>","protected":false},"excerpt":{"rendered":"<p>[vc_row gradient_colors=\u00a0\u00bb%5B%7B%7D%5D\u00a0\u00bb kswr_row_top_decor_enabled=\u00a0\u00bbfalse\u00a0\u00bb kswr_row_bottom_decor_enabled=\u00a0\u00bbfalse\u00a0\u00bb css=\u00a0\u00bb.vc_custom_1578927578488{margin-left: -20px !important;padding-left: 0px !important;}\u00a0\u00bb][vc_column gradient_colors=\u00a0\u00bb%5B%7B%7D%5D\u00a0\u00bb offset=\u00a0\u00bbvc_hidden-sm vc_hidden-xs\u00a0\u00bb][vc_empty_space height=\u00a0\u00bb100px\u00a0\u00bb][vc_separator css=\u00a0\u00bb.vc_custom_1576489978459{padding-top: 30px !important;}\u00a0\u00bb][\/vc_column][\/vc_row][vc_row gradient_colors=\u00a0\u00bb%5B%7B%7D%5D\u00a0\u00bb kswr_row_top_decor_enabled=\u00a0\u00bbfalse\u00a0\u00bb kswr_row_bottom_decor_enabled=\u00a0\u00bbfalse\u00a0\u00bb css=\u00a0\u00bb.vc_custom_1578927571765{margin-left: -20px !important;padding-left: 0px !important;}\u00a0\u00bb][vc_column gradient_colors=\u00a0\u00bb%5B%7B%7D%5D\u00a0\u00bb offset=\u00a0\u00bbvc_hidden-lg vc_hidden-md\u00a0\u00bb][vc_empty_space height=\u00a0\u00bb100px\u00a0\u00bb][vc_separator css=\u00a0\u00bb.vc_custom_1576489978459{padding-top: 30px !important;}\u00a0\u00bb][\/vc_column][\/vc_row][vc_row equal_height=\u00a0\u00bbyes\u00a0\u00bb content_placement=\u00a0\u00bbtop\u00a0\u00bb gradient_colors=\u00a0\u00bb%5B%7B%7D%5D\u00a0\u00bb kswr_row_top_decor_enabled=\u00a0\u00bbfalse\u00a0\u00bb kswr_row_bottom_decor_enabled=\u00a0\u00bbfalse\u00a0\u00bb][vc_column width=\u00a0\u00bb1\/2&Prime; gradient_colors=\u00a0\u00bb%5B%7B%7D%5D\u00a0\u00bb][vc_column_text css_animation=\u00a0\u00bbfadeInUp\u00a0\u00bb css=\u00a0\u00bb.vc_custom_1588791717888{padding-top: 30px !important;}\u00a0\u00bb]Gr\u00e2ce aux nombreuses ann\u00e9es d&rsquo;exp\u00e9rience, nous avons d\u00e9velopp\u00e9 une m\u00e9thode de coaching holistique qui [&hellip;]<\/p>\n","protected":false},"author":2,"featured_media":0,"parent":0,"menu_order":0,"comment_status":"closed","ping_status":"closed","template":"page-home.php","meta":{"inline_featured_image":false,"episode_type":"","audio_file":"","cover_image":"","cover_image_id":"","duration":"","filesize":"","date_recorded":"","explicit":"","block":"","filesize_raw":"","footnotes":""},"class_list":["post-5464","page","type-page","status-publish","hentry"],"yoast_head":"<!-- This site is optimized with the Yoast SEO plugin v26.5 - https:\/\/yoast.com\/wordpress\/plugins\/seo\/ -->\n<title>Quantasia SA - Life Coaching individuel \u00e0 Lugano et online<\/title>\n<meta name=\"description\" content=\"Life Coaching et Mental Coaching pour vous rendre autonome, am\u00e9liorer vos relations, trouver l&#039;harmonie, g\u00e9rer l&#039;anxi\u00e9t\u00e9 et le stress en augmentant le bien-\u00eatre \u00e9motionnel\" \/>\n<meta name=\"robots\" content=\"index, follow, max-snippet:-1, max-image-preview:large, max-video-preview:-1\" \/>\n<link rel=\"canonical\" href=\"https:\/\/www.quantasia.ch\/fr\/coaching-individuel\/\" \/>\n<meta property=\"og:locale\" content=\"fr_FR\" \/>\n<meta property=\"og:type\" content=\"article\" \/>\n<meta property=\"og:title\" content=\"Quantasia SA - Life Coaching individuel \u00e0 Lugano et online\" \/>\n<meta property=\"og:description\" content=\"Life Coaching et Mental Coaching pour vous rendre autonome, am\u00e9liorer vos relations, trouver l&#039;harmonie, g\u00e9rer l&#039;anxi\u00e9t\u00e9 et le stress en augmentant le bien-\u00eatre \u00e9motionnel\" \/>\n<meta property=\"og:url\" content=\"https:\/\/www.quantasia.ch\/fr\/coaching-individuel\/\" \/>\n<meta property=\"og:site_name\" content=\"Quantasia SA\" \/>\n<meta property=\"article:modified_time\" content=\"2020-05-25T10:38:27+00:00\" \/>\n<meta name=\"twitter:card\" content=\"summary_large_image\" \/>\n<meta name=\"twitter:label1\" content=\"Dur\u00e9e de lecture estim\u00e9e\" \/>\n\t<meta name=\"twitter:data1\" content=\"7 minutes\" \/>\n<script type=\"application\/ld+json\" class=\"yoast-schema-graph\">{\"@context\":\"https:\/\/schema.org\",\"@graph\":[{\"@type\":\"WebPage\",\"@id\":\"https:\/\/www.quantasia.ch\/fr\/coaching-individuel\/\",\"url\":\"https:\/\/www.quantasia.ch\/fr\/coaching-individuel\/\",\"name\":\"Quantasia SA - Life Coaching individuel \u00e0 Lugano et online\",\"isPartOf\":{\"@id\":\"https:\/\/www.quantasia.ch\/fr\/#website\"},\"datePublished\":\"2020-01-08T14:14:06+00:00\",\"dateModified\":\"2020-05-25T10:38:27+00:00\",\"description\":\"Life Coaching et Mental Coaching pour vous rendre autonome, am\u00e9liorer vos relations, trouver l'harmonie, g\u00e9rer l'anxi\u00e9t\u00e9 et le stress en augmentant le bien-\u00eatre \u00e9motionnel\",\"breadcrumb\":{\"@id\":\"https:\/\/www.quantasia.ch\/fr\/coaching-individuel\/#breadcrumb\"},\"inLanguage\":\"fr-FR\",\"potentialAction\":[{\"@type\":\"ReadAction\",\"target\":[\"https:\/\/www.quantasia.ch\/fr\/coaching-individuel\/\"]}]},{\"@type\":\"BreadcrumbList\",\"@id\":\"https:\/\/www.quantasia.ch\/fr\/coaching-individuel\/#breadcrumb\",\"itemListElement\":[{\"@type\":\"ListItem\",\"position\":1,\"name\":\"Home\",\"item\":\"https:\/\/www.quantasia.ch\/fr\/\"},{\"@type\":\"ListItem\",\"position\":2,\"name\":\"Coaching Individuel\"}]},{\"@type\":\"WebSite\",\"@id\":\"https:\/\/www.quantasia.ch\/fr\/#website\",\"url\":\"https:\/\/www.quantasia.ch\/fr\/\",\"name\":\"Quantasia SA\",\"description\":\"Educazione neuro-emozionale\",\"potentialAction\":[{\"@type\":\"SearchAction\",\"target\":{\"@type\":\"EntryPoint\",\"urlTemplate\":\"https:\/\/www.quantasia.ch\/fr\/?s={search_term_string}\"},\"query-input\":{\"@type\":\"PropertyValueSpecification\",\"valueRequired\":true,\"valueName\":\"search_term_string\"}}],\"inLanguage\":\"fr-FR\"}]}<\/script>\n<!-- \/ Yoast SEO plugin. -->","yoast_head_json":{"title":"Quantasia SA - Life Coaching individuel \u00e0 Lugano et online","description":"Life Coaching et Mental Coaching pour vous rendre autonome, am\u00e9liorer vos relations, trouver l'harmonie, g\u00e9rer l'anxi\u00e9t\u00e9 et le stress en augmentant le bien-\u00eatre \u00e9motionnel","robots":{"index":"index","follow":"follow","max-snippet":"max-snippet:-1","max-image-preview":"max-image-preview:large","max-video-preview":"max-video-preview:-1"},"canonical":"https:\/\/www.quantasia.ch\/fr\/coaching-individuel\/","og_locale":"fr_FR","og_type":"article","og_title":"Quantasia SA - Life Coaching individuel \u00e0 Lugano et online","og_description":"Life Coaching et Mental Coaching pour vous rendre autonome, am\u00e9liorer vos relations, trouver l'harmonie, g\u00e9rer l'anxi\u00e9t\u00e9 et le stress en augmentant le bien-\u00eatre \u00e9motionnel","og_url":"https:\/\/www.quantasia.ch\/fr\/coaching-individuel\/","og_site_name":"Quantasia SA","article_modified_time":"2020-05-25T10:38:27+00:00","twitter_card":"summary_large_image","twitter_misc":{"Dur\u00e9e de lecture estim\u00e9e":"7 minutes"},"schema":{"@context":"https:\/\/schema.org","@graph":[{"@type":"WebPage","@id":"https:\/\/www.quantasia.ch\/fr\/coaching-individuel\/","url":"https:\/\/www.quantasia.ch\/fr\/coaching-individuel\/","name":"Quantasia SA - Life Coaching individuel \u00e0 Lugano et online","isPartOf":{"@id":"https:\/\/www.quantasia.ch\/fr\/#website"},"datePublished":"2020-01-08T14:14:06+00:00","dateModified":"2020-05-25T10:38:27+00:00","description":"Life Coaching et Mental Coaching pour vous rendre autonome, am\u00e9liorer vos relations, trouver l'harmonie, g\u00e9rer l'anxi\u00e9t\u00e9 et le stress en augmentant le bien-\u00eatre \u00e9motionnel","breadcrumb":{"@id":"https:\/\/www.quantasia.ch\/fr\/coaching-individuel\/#breadcrumb"},"inLanguage":"fr-FR","potentialAction":[{"@type":"ReadAction","target":["https:\/\/www.quantasia.ch\/fr\/coaching-individuel\/"]}]},{"@type":"BreadcrumbList","@id":"https:\/\/www.quantasia.ch\/fr\/coaching-individuel\/#breadcrumb","itemListElement":[{"@type":"ListItem","position":1,"name":"Home","item":"https:\/\/www.quantasia.ch\/fr\/"},{"@type":"ListItem","position":2,"name":"Coaching Individuel"}]},{"@type":"WebSite","@id":"https:\/\/www.quantasia.ch\/fr\/#website","url":"https:\/\/www.quantasia.ch\/fr\/","name":"Quantasia SA","description":"Educazione neuro-emozionale","potentialAction":[{"@type":"SearchAction","target":{"@type":"EntryPoint","urlTemplate":"https:\/\/www.quantasia.ch\/fr\/?s={search_term_string}"},"query-input":{"@type":"PropertyValueSpecification","valueRequired":true,"valueName":"search_term_string"}}],"inLanguage":"fr-FR"}]}},"jetpack_sharing_enabled":true,"_links":{"self":[{"href":"https:\/\/www.quantasia.ch\/fr\/wp-json\/wp\/v2\/pages\/5464","targetHints":{"allow":["GET"]}}],"collection":[{"href":"https:\/\/www.quantasia.ch\/fr\/wp-json\/wp\/v2\/pages"}],"about":[{"href":"https:\/\/www.quantasia.ch\/fr\/wp-json\/wp\/v2\/types\/page"}],"author":[{"embeddable":true,"href":"https:\/\/www.quantasia.ch\/fr\/wp-json\/wp\/v2\/users\/2"}],"replies":[{"embeddable":true,"href":"https:\/\/www.quantasia.ch\/fr\/wp-json\/wp\/v2\/comments?post=5464"}],"version-history":[{"count":16,"href":"https:\/\/www.quantasia.ch\/fr\/wp-json\/wp\/v2\/pages\/5464\/revisions"}],"predecessor-version":[{"id":5763,"href":"https:\/\/www.quantasia.ch\/fr\/wp-json\/wp\/v2\/pages\/5464\/revisions\/5763"}],"wp:attachment":[{"href":"https:\/\/www.quantasia.ch\/fr\/wp-json\/wp\/v2\/media?parent=5464"}],"curies":[{"name":"wp","href":"https:\/\/api.w.org\/{rel}","templated":true}]}}