{"id":5528,"date":"2020-01-30T12:13:31","date_gmt":"2020-01-30T11:13:31","guid":{"rendered":"https:\/\/www.quantasia.ch\/referenze\/"},"modified":"2020-08-04T10:29:24","modified_gmt":"2020-08-04T08:29:24","slug":"references","status":"publish","type":"page","link":"https:\/\/www.quantasia.ch\/fr\/references\/","title":{"rendered":"R\u00e9f\u00e9rences"},"content":{"rendered":"<section class=\"wpb-content-wrapper\"><p>[vc_row gradient_colors=\u00a0\u00bb%5B%7B%7D%5D\u00a0\u00bb kswr_row_top_decor_enabled=\u00a0\u00bbfalse\u00a0\u00bb kswr_row_bottom_decor_enabled=\u00a0\u00bbfalse\u00a0\u00bb css=\u00a0\u00bb.vc_custom_1578927578488{margin-left: -20px !important;padding-left: 0px !important;}\u00a0\u00bb][vc_column gradient_colors=\u00a0\u00bb%5B%7B%7D%5D\u00a0\u00bb offset=\u00a0\u00bbvc_hidden-sm vc_hidden-xs\u00a0\u00bb][vc_empty_space height=\u00a0\u00bb100px\u00a0\u00bb]<div class=\"kswr-fancytext-container kswr-theelement\" style=\"text-align:left;\">\n\t\t\t\t\t<span class=\"kswr-fancytext-prefix kswr-shortcode-element \" data-fontsettings=\"font-size:19px;\" style=\"font-size:19px;   \"><\/span> \n\t\t\t\t\t<span class=\"kswr-fancytext kswr-shortcode-element \" data-fontsettings=\"font-size:40px;line-height:45px;\" style=\"font-size:40px;line-height:45px; font-family:Montserrat;font-weight:800;  color:#e8e6e8;\" data-style=\"typing\" data-holdtime=\"10000\" data-cursor=\"false\" data-typespeed=\"200\" data-typeanimation=\"none\" data-words=\"[&quot;Bien-\u00eatre . Empowerment . Performance&quot;]\"><\/span>\n\t\t\t\t\t<span class=\"kswr-fancytext-suffix kswr-shortcode-element \" data-fontsettings=\"font-size:19px;\" style=\"font-size:19px;   \"><\/span> \n\t\t\t\t<\/div><div class=\"kswr-responsive-spacer\" data-desk=\"0px\" data-tablet=\"0px\" data-tablet-sm=\"200px\" data-phone=\"200px\" data-phone-sm=\"100px\" style=\"--spc-desk:0px;--spc-tablet:0px;--spc-tablet-sm:200px;--spc-phone:200px;--spc-phone-sm:100px;\"><\/div><div class=\"kswr-animatedheading-ctn kswr-situation-bind\" data-delay=\"200\" data-align=\"left\" data-direction=\"left\" data-style=\"normal\" data-situation=\"hidden\">\n\t\t\t<div class=\"kswr-animatedheading-insider\">\n\t\t\t\t<div class=\"kswr-animatedheading-titlectn kswr-animatedheading-animated\" style=\"background:;\">\n\t\t\t\t\t<div class=\"kswr-animatedheading-titletext kswr-animatedheading-elem kswr-animatedheading-animated kswr-shortcode-element  \" style=\"padding:0px 0px; color:#352e3c;font-size:50px;line-height:60px;font-family:Montserrat;font-weight:200;\" data-fontsettings=\"font-size:50px;line-height:60px;\">R\u00e9f\u00e9rences<\/div><\/div>\t\n\t\t\t<\/div>\n\t\t<\/div>[vc_separator css=\u00a0\u00bb.vc_custom_1576489978459{padding-top: 30px !important;}\u00a0\u00bb][\/vc_column][\/vc_row][vc_row gradient_colors=\u00a0\u00bb%5B%7B%7D%5D\u00a0\u00bb kswr_row_top_decor_enabled=\u00a0\u00bbfalse\u00a0\u00bb kswr_row_bottom_decor_enabled=\u00a0\u00bbfalse\u00a0\u00bb css=\u00a0\u00bb.vc_custom_1578927571765{margin-left: -20px !important;padding-left: 0px !important;}\u00a0\u00bb][vc_column gradient_colors=\u00a0\u00bb%5B%7B%7D%5D\u00a0\u00bb offset=\u00a0\u00bbvc_hidden-lg vc_hidden-md\u00a0\u00bb][vc_empty_space height=\u00a0\u00bb100px\u00a0\u00bb]<div class=\"kswr-animatedheading-ctn kswr-situation-bind\" data-delay=\"200\" data-align=\"left\" data-direction=\"left\" data-style=\"normal\" data-situation=\"hidden\">\n\t\t\t<div class=\"kswr-animatedheading-insider\">\n\t\t\t\t<div class=\"kswr-animatedheading-titlectn kswr-animatedheading-animated\" style=\"background:;\">\n\t\t\t\t\t<div class=\"kswr-animatedheading-titletext kswr-animatedheading-elem kswr-animatedheading-animated kswr-shortcode-element  \" style=\"padding:0px 0px; color:#352e3c;font-size:50px;line-height:60px;font-family:Montserrat;font-weight:200;\" data-fontsettings=\"font-size:50px;line-height:60px;\">Referenze<\/div><\/div>\t\n\t\t\t<\/div>\n\t\t<\/div>[vc_separator css=\u00a0\u00bb.vc_custom_1576489978459{padding-top: 30px !important;}\u00a0\u00bb][\/vc_column][\/vc_row][vc_row equal_height=\u00a0\u00bbyes\u00a0\u00bb content_placement=\u00a0\u00bbtop\u00a0\u00bb gradient_colors=\u00a0\u00bb%5B%7B%7D%5D\u00a0\u00bb kswr_row_top_decor_enabled=\u00a0\u00bbfalse\u00a0\u00bb kswr_row_bottom_decor_enabled=\u00a0\u00bbfalse\u00a0\u00bb css=\u00a0\u00bb.vc_custom_1582729977001{padding-top: 10px !important;padding-bottom: 60px !important;}\u00a0\u00bb][vc_column gradient_colors=\u00a0\u00bb%5B%7B%7D%5D\u00a0\u00bb css=\u00a0\u00bb.vc_custom_1582280743337{padding-top: 30px !important;}\u00a0\u00bb el_class=\u00a0\u00bbblog-no-description\u00a0\u00bb][vc_basic_grid post_type=\u00a0\u00bbportfolio\u00a0\u00bb max_items=\u00a0\u00bb-1&Prime; show_filter=\u00a0\u00bbyes\u00a0\u00bb element_width=\u00a0\u00bb2&Prime; item=\u00a0\u00bbmasonryGrid_GoTop\u00a0\u00bb grid_id=\u00a0\u00bbvc_gid:1596529748750-05ec2733-86b2-6&Prime; filter_source=\u00a0\u00bbportfolio_category\u00a0\u00bb el_class=\u00a0\u00bbreferenze\u00a0\u00bb exclude_filter=\u00a0\u00bb90&Prime; taxonomies=\u00a0\u00bb138, 137, 139, 140, 146&Prime;][\/vc_column][\/vc_row][vc_row full_width=\u00a0\u00bbstretch_row_content\u00a0\u00bb content_placement=\u00a0\u00bbmiddle\u00a0\u00bb bgstyle=\u00a0\u00bbattachment\u00a0\u00bb bgimage=\u00a0\u00bb588&Prime; gradient_colors=\u00a0\u00bb%5B%7B%7D%5D\u00a0\u00bb kswr_row_top_decor_enabled=\u00a0\u00bbfalse\u00a0\u00bb kswr_row_bottom_decor_enabled=\u00a0\u00bbfalse\u00a0\u00bb css=\u00a0\u00bb.vc_custom_1582280017236{background-position: center !important;background-repeat: no-repeat !important;background-size: cover !important;}\u00a0\u00bb][vc_column gradient_colors=\u00a0\u00bb%5B%7B%7D%5D\u00a0\u00bb css=\u00a0\u00bb.vc_custom_1574843759636{padding-bottom: 60px !important;}\u00a0\u00bb][vc_row_inner][vc_column_inner width=\u00a0\u00bb1\/6&Prime;][\/vc_column_inner][vc_column_inner width=\u00a0\u00bb2\/3&Prime;][vc_empty_space height=\u00a0\u00bb80px\u00a0\u00bb]<div class=\"kswr-animatedheading-ctn kswr-situation-bind\" data-delay=\"0\" data-align=\"center\" data-direction=\"left\" data-style=\"normal\" data-situation=\"hidden\">\n\t\t\t<div class=\"kswr-animatedheading-insider\">\n\t\t\t\t<div class=\"kswr-animatedheading-titlectn kswr-animatedheading-animated\" style=\"background:;\">\n\t\t\t\t\t<div class=\"kswr-animatedheading-titletext kswr-animatedheading-elem kswr-animatedheading-animated kswr-shortcode-element  \" style=\"padding:0px 0px; color:#ffffff;font-size:20px;line-height:25px;font-family:Montserrat;font-weight:500;\" data-fontsettings=\"font-size:20px;line-height:25px;\">La reconnaissance est la m\u00e9moire du coeur.<\/div><\/div>\t\n\t\t\t<\/div>\n\t\t<\/div><div class=\"kswr-animatedheading-ctn kswr-situation-bind\" data-delay=\"0\" data-align=\"center\" data-direction=\"left\" data-style=\"normal\" data-situation=\"hidden\">\n\t\t\t<div class=\"kswr-animatedheading-insider\">\n\t\t\t\t<div class=\"kswr-animatedheading-titlectn kswr-animatedheading-animated\" style=\"background:;\">\n\t\t\t\t\t<div class=\"kswr-animatedheading-titletext kswr-animatedheading-elem kswr-animatedheading-animated kswr-shortcode-element  \" style=\"padding:20px 0px; color:#ffffff;font-size:16px;line-height:25px;font-family:Montserrat;font-weight:200;\" data-fontsettings=\"font-size:16px;line-height:25px;\">Hans Christian Andersen<\/div><\/div>\t\n\t\t\t<\/div>\n\t\t<\/div>[\/vc_column_inner][vc_column_inner width=\u00a0\u00bb1\/6&Prime;][\/vc_column_inner][\/vc_row_inner][\/vc_column][\/vc_row][vc_row gradient_colors=\u00a0\u00bb%5B%7B%7D%5D\u00a0\u00bb css=\u00a0\u00bb.vc_custom_1580200027075{padding-top: 60px !important;padding-bottom: 60px !important;}\u00a0\u00bb kswr_row_top_decor_enabled=\u00a0\u00bbfalse\u00a0\u00bb kswr_row_bottom_decor_enabled=\u00a0\u00bbfalse\u00a0\u00bb][vc_column width=\u00a0\u00bb1\/6&Prime;][\/vc_column][vc_column width=\u00a0\u00bb2\/3&Prime;]<div class=\"kameleon-cf7-container kameleon-cf7-containerQ5lXW0CL\" data-classname=\".kameleon-cf7-containerQ5lXW0CL\" data-style-name=\"default\"  data-style=\"qaswara\" data-button-style=\"qaswara\" data-style-css=\"--kmcf7-btn-fontsize: 16px;--kmcf7-btn-align: center;--kmcf7-btn-width: 50%;--kmcf7-btn-letterspacing: 1px;--kmcf7-btn-height: 45px;--kmcf7-btn-mgtop: 15px;--kmcf7-btn-mgbottom: 15px;--kmcf7-btn-border-radius: 0;--kmcf7-btn-color: #ccc;--kmcf7-btn-border-width: 0;--kmcf7-btn-bg-color: #111;--kmcf7-btn-border-color: #1a1a1a;--kmcf7-btn-color-hover: #fff;--kmcf7-btn-bg-color-hover: #269AD6;--kmcf7-btn-border-color-hover: #2492CA;--qaswara-input-height:50px;--qaswara-input-margin-top:15px;--qaswara-input-margin-bottom:15px;--qaswara-input-font-size:15px;  --qaswara-input-color: #888;    --qaswara-color: #bbb;     --qaswara-font-size:15px;--qaswara-border-width: 1px;  --qaswara-border-color:#eee;--qaswara-border-active-color:#269AD6;--qaswara-textarea-height:250px;;\" style=\"--kmcf7-btn-fontsize: 16px;--kmcf7-btn-align: center;--kmcf7-btn-width: 50%;--kmcf7-btn-letterspacing: 1px;--kmcf7-btn-height: 45px;--kmcf7-btn-mgtop: 15px;--kmcf7-btn-mgbottom: 15px;--kmcf7-btn-border-radius: 0;--kmcf7-btn-color: #ccc;--kmcf7-btn-border-width: 0;--kmcf7-btn-bg-color: #111;--kmcf7-btn-border-color: #1a1a1a;--kmcf7-btn-color-hover: #fff;--kmcf7-btn-bg-color-hover: #269AD6;--kmcf7-btn-border-color-hover: #2492CA;--qaswara-input-height:50px;--qaswara-input-margin-top:15px;--qaswara-input-margin-bottom:15px;--qaswara-input-font-size:15px;  --qaswara-input-color: #888;    --qaswara-color: #bbb;     --qaswara-font-size:15px;--qaswara-border-width: 1px;  --qaswara-border-color:#eee;--qaswara-border-active-color:#269AD6;--qaswara-textarea-height:250px;;\">\n<div class=\"wpcf7 no-js\" id=\"wpcf7-f5070-o1\" lang=\"it-IT\" dir=\"ltr\">\n<div class=\"screen-reader-response\"><p role=\"status\" aria-live=\"polite\" aria-atomic=\"true\"><\/p> <ul><\/ul><\/div>\n<form action=\"\/fr\/wp-json\/wp\/v2\/pages\/5528#wpcf7-f5070-o1\" method=\"post\" class=\"wpcf7-form init mailchimp-ext-0.4.50\" aria-label=\"Modulo di contatto\" novalidate=\"novalidate\" data-status=\"init\">\n<div style=\"display: none;\">\n<input type=\"hidden\" name=\"_wpcf7\" value=\"5070\" \/>\n<input type=\"hidden\" name=\"_wpcf7_version\" value=\"5.8.2\" \/>\n<input type=\"hidden\" name=\"_wpcf7_locale\" value=\"it_IT\" \/>\n<input type=\"hidden\" name=\"_wpcf7_unit_tag\" value=\"wpcf7-f5070-o1\" \/>\n<input type=\"hidden\" name=\"_wpcf7_container_post\" value=\"0\" \/>\n<input type=\"hidden\" name=\"_wpcf7_posted_data_hash\" value=\"\" \/>\n<input type=\"hidden\" name=\"_wpcf7_recaptcha_response\" value=\"\" \/>\n<\/div>\n<div class=\"contact-form\">\n\t<h5 align=\"center\">Demander des informations\n\t<\/h5>\n\t<div class=\"row\">\n\t\t<div class=\"form-group col-lg-6 col-md-6 col-sm-6 col-12\">\n\t\t\t<p><span class=\"wpcf7-form-control-wrap your-name km_cf7-input-container \">     \n      <input size=\"40\" class=\"wpcf7-form-control wpcf7-text wpcf7-validates-as-required km_cf7-input\" id=\"kmcf7-your-name0HePrAn9\" aria-required=\"true\" aria-invalid=\"false\" value=\"\" type=\"text\" name=\"your-name\" onfocus=\"km_cf7_designer_focus(this)\" onblur=\"km_cf7_designer_blur()\"\/>\n      <label class=\"km_cf7-label\" for=\"kmcf7-your-name0HePrAn9\" data-content=\"Pr\u00e9nom\">\n        <span class=\"km_cf7_label-content\" data-content=\"Pr\u00e9nom\">Pr\u00e9nom<\/span>\n      <\/label>\n      \n    <\/span><br \/>\n<span class=\"wpcf7-form-control-wrap your-surname km_cf7-input-container \">     \n      <input size=\"40\" class=\"wpcf7-form-control wpcf7-text wpcf7-validates-as-required km_cf7-input\" id=\"kmcf7-your-surnamevpqR0Hns\" aria-required=\"true\" aria-invalid=\"false\" value=\"\" type=\"text\" name=\"your-surname\" onfocus=\"km_cf7_designer_focus(this)\" onblur=\"km_cf7_designer_blur()\"\/>\n      <label class=\"km_cf7-label\" for=\"kmcf7-your-surnamevpqR0Hns\" data-content=\"Nom\">\n        <span class=\"km_cf7_label-content\" data-content=\"Nom\">Nom<\/span>\n      <\/label>\n      \n    <\/span><br \/>\n<span class=\"wpcf7-form-control-wrap your-email km_cf7-input-container \">     \n      <input size=\"40\" class=\"wpcf7-form-control wpcf7-email wpcf7-validates-as-required wpcf7-text wpcf7-validates-as-email km_cf7-input\" id=\"kmcf7-your-email8kHqxYR9\" aria-required=\"true\" aria-invalid=\"false\" value=\"\" type=\"email\" name=\"your-email\" onfocus=\"km_cf7_designer_focus(this)\" onblur=\"km_cf7_designer_blur()\"\/>\n      <label class=\"km_cf7-label\" for=\"kmcf7-your-email8kHqxYR9\" data-content=\"Email\">\n        <span class=\"km_cf7_label-content\" data-content=\"Email\">Email<\/span>\n      <\/label>\n      \n    <\/span><br \/>\n<span class=\"wpcf7-form-control-wrap your-tel km_cf7-input-container \">     \n      <input size=\"40\" class=\"wpcf7-form-control wpcf7-text wpcf7-validates-as-required km_cf7-input\" id=\"kmcf7-your-telv4eC5EpT\" aria-required=\"true\" aria-invalid=\"false\" value=\"\" type=\"text\" name=\"your-tel\" onfocus=\"km_cf7_designer_focus(this)\" onblur=\"km_cf7_designer_blur()\"\/>\n      <label class=\"km_cf7-label\" for=\"kmcf7-your-telv4eC5EpT\" data-content=\"T\u00e9l\u00e9phone\">\n        <span class=\"km_cf7_label-content\" data-content=\"T\u00e9l\u00e9phone\">T\u00e9l\u00e9phone<\/span>\n      <\/label>\n      \n    <\/span>\n\t\t\t<\/p>\n\t\t<\/div>\n\t\t<div class=\"form-group col-lg-6 col-md-6 col-sm-6 col-12\">\n\t\t\t<p><span class=\"wpcf7-form-control-wrap km_cf7-input-container your-message km_cf7-textarea-container\">\n      <textarea cols=\"40\" rows=\"10\" class=\"wpcf7-form-control wpcf7-textarea wpcf7-validates-as-required km_cf7-input km_cf7-textarea\" id=\"kmcf7-your-messageHXNGOqbM\" aria-required=\"true\" aria-invalid=\"false\" name=\"your-message\" onfocus=\"km_cf7_designer_focus(this)\" onblur=\"km_cf7_designer_blur()\"><\/textarea>\n      <label class=\"km_cf7-label\" for=\"kmcf7-your-messageHXNGOqbM\" data-content=\"Message\">\n        <span class=\"km_cf7_label-content\" data-content=\"Message\">Message<\/span>\n      <\/label>\n      \n    <\/span>\n\t\t\t<\/p>\n\t\t<\/div>\n\t\t<div class=\"form-group col-lg-12 col-md-12 col-sm-12 col-12\">\n\t\t\t<p><span class=\"wpcf7-form-control-wrap\" data-name=\"acceptance-688\"><span class=\"wpcf7-form-control wpcf7-acceptance\"><span class=\"wpcf7-list-item\"><label><input type=\"checkbox\" name=\"acceptance-688\" value=\"1\" aria-invalid=\"false\" \/><span class=\"wpcf7-list-item-label\">J'ai lu la politique de confidentialit\u00e9 et j'accepte le traitement de mes donn\u00e9es pour l'envoi de newsletters<\/span><\/label><\/span><\/span><\/span>\n\t\t\t<\/p>\n\t\t<\/div>\n\t\t<div class=\"form-group col-lg-12 col-md-12 col-sm-12 col-12\">\n\t\t\t<div class=\"km_cf7-submit-container\">\n        <div class=\"km_cf7-submit-insider\">\n          <div class=\"km_cf7-submit-btn-txt km_cf7-btn-txt-r\">Contactez nous<\/div>\n          <div class=\"km_cf7-submit-btn-txt km_cf7-btn-txt-h\">Contactez nous<\/div>\n          <div class=\"km_cf7-btn-bg-r\"><\/div><div class=\"km_cf7-btn-bg-h\"><\/div>\n          <input class=\"wpcf7-form-control wpcf7-submit km_cf7-button\" type=\"submit\" value=\"Contactez nous\" \/>\n        <\/div>\n      <\/div>\n\t\t<\/div>\n\t<\/div>\n<\/div><p style=\"display: none !important;\" class=\"akismet-fields-container\" data-prefix=\"_wpcf7_ak_\"><label>&#916;<textarea name=\"_wpcf7_ak_hp_textarea\" cols=\"45\" rows=\"8\" maxlength=\"100\"><\/textarea><\/label><input type=\"hidden\" id=\"ak_js_1\" name=\"_wpcf7_ak_js\" value=\"41\"\/><script>document.getElementById( \"ak_js_1\" ).setAttribute( \"value\", ( new Date() ).getTime() );<\/script><\/p><div class=\"wpcf7-response-output\" aria-hidden=\"true\"><\/div><p style=\"display: none !important\"><span class=\"wpcf7-form-control-wrap referer-page\"><input type=\"hidden\" name=\"referer-page\" value=\"direct visit\" class=\"wpcf7-form-control wpcf7-text referer-page\" aria-invalid=\"false\"><\/span><\/p>\n<!-- Chimpmail extension by Renzo Johnson -->\n<\/form>\n<\/div>\n<\/div>[\/vc_column][vc_column width=\u00a0\u00bb1\/6&Prime;][\/vc_column][\/vc_row]<\/p>\n<\/section>","protected":false},"excerpt":{"rendered":"<p>[vc_row gradient_colors=\u00a0\u00bb%5B%7B%7D%5D\u00a0\u00bb kswr_row_top_decor_enabled=\u00a0\u00bbfalse\u00a0\u00bb kswr_row_bottom_decor_enabled=\u00a0\u00bbfalse\u00a0\u00bb css=\u00a0\u00bb.vc_custom_1578927578488{margin-left: -20px !important;padding-left: 0px !important;}\u00a0\u00bb][vc_column gradient_colors=\u00a0\u00bb%5B%7B%7D%5D\u00a0\u00bb offset=\u00a0\u00bbvc_hidden-sm vc_hidden-xs\u00a0\u00bb][vc_empty_space height=\u00a0\u00bb100px\u00a0\u00bb][vc_separator css=\u00a0\u00bb.vc_custom_1576489978459{padding-top: 30px !important;}\u00a0\u00bb][\/vc_column][\/vc_row][vc_row gradient_colors=\u00a0\u00bb%5B%7B%7D%5D\u00a0\u00bb kswr_row_top_decor_enabled=\u00a0\u00bbfalse\u00a0\u00bb kswr_row_bottom_decor_enabled=\u00a0\u00bbfalse\u00a0\u00bb css=\u00a0\u00bb.vc_custom_1578927571765{margin-left: -20px !important;padding-left: 0px !important;}\u00a0\u00bb][vc_column gradient_colors=\u00a0\u00bb%5B%7B%7D%5D\u00a0\u00bb offset=\u00a0\u00bbvc_hidden-lg vc_hidden-md\u00a0\u00bb][vc_empty_space height=\u00a0\u00bb100px\u00a0\u00bb][vc_separator css=\u00a0\u00bb.vc_custom_1576489978459{padding-top: 30px !important;}\u00a0\u00bb][\/vc_column][\/vc_row][vc_row equal_height=\u00a0\u00bbyes\u00a0\u00bb content_placement=\u00a0\u00bbtop\u00a0\u00bb gradient_colors=\u00a0\u00bb%5B%7B%7D%5D\u00a0\u00bb kswr_row_top_decor_enabled=\u00a0\u00bbfalse\u00a0\u00bb kswr_row_bottom_decor_enabled=\u00a0\u00bbfalse\u00a0\u00bb css=\u00a0\u00bb.vc_custom_1582729977001{padding-top: 10px !important;padding-bottom: 60px !important;}\u00a0\u00bb][vc_column gradient_colors=\u00a0\u00bb%5B%7B%7D%5D\u00a0\u00bb css=\u00a0\u00bb.vc_custom_1582280743337{padding-top: 30px !important;}\u00a0\u00bb el_class=\u00a0\u00bbblog-no-description\u00a0\u00bb][vc_basic_grid post_type=\u00a0\u00bbportfolio\u00a0\u00bb max_items=\u00a0\u00bb-1&Prime; show_filter=\u00a0\u00bbyes\u00a0\u00bb element_width=\u00a0\u00bb2&Prime; item=\u00a0\u00bbmasonryGrid_GoTop\u00a0\u00bb grid_id=\u00a0\u00bbvc_gid:1596529748750-05ec2733-86b2-6&Prime; filter_source=\u00a0\u00bbportfolio_category\u00a0\u00bb el_class=\u00a0\u00bbreferenze\u00a0\u00bb exclude_filter=\u00a0\u00bb90&Prime; [&hellip;]<\/p>\n","protected":false},"author":2,"featured_media":0,"parent":0,"menu_order":0,"comment_status":"closed","ping_status":"closed","template":"page-home.php","meta":{"inline_featured_image":false,"episode_type":"","audio_file":"","cover_image":"","cover_image_id":"","duration":"","filesize":"","date_recorded":"","explicit":"","block":"","filesize_raw":"","footnotes":""},"class_list":["post-5528","page","type-page","status-publish","hentry"],"yoast_head":"<!-- This site is optimized with the Yoast SEO plugin v26.5 - https:\/\/yoast.com\/wordpress\/plugins\/seo\/ -->\n<title>Quantasia SA - R\u00e9f\u00e9rences Formations Professionnelles et Coaching<\/title>\n<meta name=\"description\" content=\"Lisez les r\u00e9f\u00e9rences du Coaching Neuro \u00c9motionnel et des formations professionnelles. Les r\u00e9sultats que les clients ont obtenus avec la m\u00e9thode Quantasia\" \/>\n<meta name=\"robots\" content=\"index, follow, max-snippet:-1, max-image-preview:large, max-video-preview:-1\" \/>\n<link rel=\"canonical\" href=\"https:\/\/www.quantasia.ch\/fr\/references\/\" \/>\n<meta property=\"og:locale\" content=\"fr_FR\" \/>\n<meta property=\"og:type\" content=\"article\" \/>\n<meta property=\"og:title\" content=\"Quantasia SA - R\u00e9f\u00e9rences Formations Professionnelles et Coaching\" \/>\n<meta property=\"og:description\" content=\"Lisez les r\u00e9f\u00e9rences du Coaching Neuro \u00c9motionnel et des formations professionnelles. Les r\u00e9sultats que les clients ont obtenus avec la m\u00e9thode Quantasia\" \/>\n<meta property=\"og:url\" content=\"https:\/\/www.quantasia.ch\/fr\/references\/\" \/>\n<meta property=\"og:site_name\" content=\"Quantasia SA\" \/>\n<meta property=\"article:modified_time\" content=\"2020-08-04T08:29:24+00:00\" \/>\n<meta name=\"twitter:card\" content=\"summary_large_image\" \/>\n<meta name=\"twitter:label1\" content=\"Dur\u00e9e de lecture estim\u00e9e\" \/>\n\t<meta name=\"twitter:data1\" content=\"3 minutes\" \/>\n<script type=\"application\/ld+json\" class=\"yoast-schema-graph\">{\"@context\":\"https:\/\/schema.org\",\"@graph\":[{\"@type\":\"WebPage\",\"@id\":\"https:\/\/www.quantasia.ch\/fr\/references\/\",\"url\":\"https:\/\/www.quantasia.ch\/fr\/references\/\",\"name\":\"Quantasia SA - R\u00e9f\u00e9rences Formations Professionnelles et Coaching\",\"isPartOf\":{\"@id\":\"https:\/\/www.quantasia.ch\/fr\/#website\"},\"datePublished\":\"2020-01-30T11:13:31+00:00\",\"dateModified\":\"2020-08-04T08:29:24+00:00\",\"description\":\"Lisez les r\u00e9f\u00e9rences du Coaching Neuro \u00c9motionnel et des formations professionnelles. Les r\u00e9sultats que les clients ont obtenus avec la m\u00e9thode Quantasia\",\"breadcrumb\":{\"@id\":\"https:\/\/www.quantasia.ch\/fr\/references\/#breadcrumb\"},\"inLanguage\":\"fr-FR\",\"potentialAction\":[{\"@type\":\"ReadAction\",\"target\":[\"https:\/\/www.quantasia.ch\/fr\/references\/\"]}]},{\"@type\":\"BreadcrumbList\",\"@id\":\"https:\/\/www.quantasia.ch\/fr\/references\/#breadcrumb\",\"itemListElement\":[{\"@type\":\"ListItem\",\"position\":1,\"name\":\"Home\",\"item\":\"https:\/\/www.quantasia.ch\/fr\/\"},{\"@type\":\"ListItem\",\"position\":2,\"name\":\"R\u00e9f\u00e9rences\"}]},{\"@type\":\"WebSite\",\"@id\":\"https:\/\/www.quantasia.ch\/fr\/#website\",\"url\":\"https:\/\/www.quantasia.ch\/fr\/\",\"name\":\"Quantasia SA\",\"description\":\"Educazione neuro-emozionale\",\"potentialAction\":[{\"@type\":\"SearchAction\",\"target\":{\"@type\":\"EntryPoint\",\"urlTemplate\":\"https:\/\/www.quantasia.ch\/fr\/?s={search_term_string}\"},\"query-input\":{\"@type\":\"PropertyValueSpecification\",\"valueRequired\":true,\"valueName\":\"search_term_string\"}}],\"inLanguage\":\"fr-FR\"}]}<\/script>\n<!-- \/ Yoast SEO plugin. -->","yoast_head_json":{"title":"Quantasia SA - R\u00e9f\u00e9rences Formations Professionnelles et Coaching","description":"Lisez les r\u00e9f\u00e9rences du Coaching Neuro \u00c9motionnel et des formations professionnelles. Les r\u00e9sultats que les clients ont obtenus avec la m\u00e9thode Quantasia","robots":{"index":"index","follow":"follow","max-snippet":"max-snippet:-1","max-image-preview":"max-image-preview:large","max-video-preview":"max-video-preview:-1"},"canonical":"https:\/\/www.quantasia.ch\/fr\/references\/","og_locale":"fr_FR","og_type":"article","og_title":"Quantasia SA - R\u00e9f\u00e9rences Formations Professionnelles et Coaching","og_description":"Lisez les r\u00e9f\u00e9rences du Coaching Neuro \u00c9motionnel et des formations professionnelles. Les r\u00e9sultats que les clients ont obtenus avec la m\u00e9thode Quantasia","og_url":"https:\/\/www.quantasia.ch\/fr\/references\/","og_site_name":"Quantasia SA","article_modified_time":"2020-08-04T08:29:24+00:00","twitter_card":"summary_large_image","twitter_misc":{"Dur\u00e9e de lecture estim\u00e9e":"3 minutes"},"schema":{"@context":"https:\/\/schema.org","@graph":[{"@type":"WebPage","@id":"https:\/\/www.quantasia.ch\/fr\/references\/","url":"https:\/\/www.quantasia.ch\/fr\/references\/","name":"Quantasia SA - R\u00e9f\u00e9rences Formations Professionnelles et Coaching","isPartOf":{"@id":"https:\/\/www.quantasia.ch\/fr\/#website"},"datePublished":"2020-01-30T11:13:31+00:00","dateModified":"2020-08-04T08:29:24+00:00","description":"Lisez les r\u00e9f\u00e9rences du Coaching Neuro \u00c9motionnel et des formations professionnelles. Les r\u00e9sultats que les clients ont obtenus avec la m\u00e9thode Quantasia","breadcrumb":{"@id":"https:\/\/www.quantasia.ch\/fr\/references\/#breadcrumb"},"inLanguage":"fr-FR","potentialAction":[{"@type":"ReadAction","target":["https:\/\/www.quantasia.ch\/fr\/references\/"]}]},{"@type":"BreadcrumbList","@id":"https:\/\/www.quantasia.ch\/fr\/references\/#breadcrumb","itemListElement":[{"@type":"ListItem","position":1,"name":"Home","item":"https:\/\/www.quantasia.ch\/fr\/"},{"@type":"ListItem","position":2,"name":"R\u00e9f\u00e9rences"}]},{"@type":"WebSite","@id":"https:\/\/www.quantasia.ch\/fr\/#website","url":"https:\/\/www.quantasia.ch\/fr\/","name":"Quantasia SA","description":"Educazione neuro-emozionale","potentialAction":[{"@type":"SearchAction","target":{"@type":"EntryPoint","urlTemplate":"https:\/\/www.quantasia.ch\/fr\/?s={search_term_string}"},"query-input":{"@type":"PropertyValueSpecification","valueRequired":true,"valueName":"search_term_string"}}],"inLanguage":"fr-FR"}]}},"jetpack_sharing_enabled":true,"_links":{"self":[{"href":"https:\/\/www.quantasia.ch\/fr\/wp-json\/wp\/v2\/pages\/5528","targetHints":{"allow":["GET"]}}],"collection":[{"href":"https:\/\/www.quantasia.ch\/fr\/wp-json\/wp\/v2\/pages"}],"about":[{"href":"https:\/\/www.quantasia.ch\/fr\/wp-json\/wp\/v2\/types\/page"}],"author":[{"embeddable":true,"href":"https:\/\/www.quantasia.ch\/fr\/wp-json\/wp\/v2\/users\/2"}],"replies":[{"embeddable":true,"href":"https:\/\/www.quantasia.ch\/fr\/wp-json\/wp\/v2\/comments?post=5528"}],"version-history":[{"count":5,"href":"https:\/\/www.quantasia.ch\/fr\/wp-json\/wp\/v2\/pages\/5528\/revisions"}],"predecessor-version":[{"id":6427,"href":"https:\/\/www.quantasia.ch\/fr\/wp-json\/wp\/v2\/pages\/5528\/revisions\/6427"}],"wp:attachment":[{"href":"https:\/\/www.quantasia.ch\/fr\/wp-json\/wp\/v2\/media?parent=5528"}],"curies":[{"name":"wp","href":"https:\/\/api.w.org\/{rel}","templated":true}]}}