{"id":7182,"date":"2020-12-26T07:35:41","date_gmt":"2020-12-26T06:35:41","guid":{"rendered":"https:\/\/www.quantasia.ch\/?post_type=product&#038;p=7182"},"modified":"2021-03-28T13:02:53","modified_gmt":"2021-03-28T11:02:53","slug":"claudia-vece-le-livre-transformation-neuro-emotionnelle","status":"publish","type":"product","link":"https:\/\/www.quantasia.ch\/fr\/produit\/claudia-vece-le-livre-transformation-neuro-emotionnelle\/","title":{"rendered":"LE LIVRE<br>Transformation Neuro-\u00c9motionnelle"},"content":{"rendered":"<section class=\"wpb-content-wrapper\"><p>[vc_row gradient_colors=\u00a0\u00bb%5B%7B%7D%5D\u00a0\u00bb kswr_row_top_decor_enabled=\u00a0\u00bbfalse\u00a0\u00bb kswr_row_bottom_decor_enabled=\u00a0\u00bbfalse\u00a0\u00bb][vc_column gradient_colors=\u00a0\u00bb%5B%7B%7D%5D\u00a0\u00bb css=\u00a0\u00bb.vc_custom_1582279563621{padding-bottom: 40px !important;}\u00a0\u00bb][vc_separator css=\u00a0\u00bb.vc_custom_1580207145087{padding-top: 10px !important;padding-bottom: 10px !important;}\u00a0\u00bb][vc_column_text]<\/p>\n<h4>#1 Auteur Best-seller Amazon.it 2021<\/h4>\n<h4>TRANSFORMATION NEURO-\u00c9MOTIONNELLE<br \/>\n\u00ab\u00a0Comment l&rsquo;\u00c9ducation Neuro-\u00c9motionnelle vous permet de renforcer vos pens\u00e9es et vos \u00e9motions pour transformer votre r\u00e9alit\u00e9\u00a0\u00bb<\/h4>\n<p>(Actuellement disponible uniquement en italien)[\/vc_column_text][vc_row_inner][vc_column_inner width=\u00a0\u00bb1\/2&Prime;][vc_column_text]Serait-ce bien si en seulement cinq minutes nous pouvions passer d&rsquo;un \u00e9tat \u00e9motionnel de malaise \u00e0 un \u00e9tat de bien-\u00eatre? Alors, \u00e0 quoi ressemblerait notre vie si nous avions les strat\u00e9gies pour transformer rapidement les humeurs de stress, d&rsquo;anxi\u00e9t\u00e9, d&rsquo;incertitude ou de peur en \u00e9tats de joie, de d\u00e9termination et de confiance? Et \u00e0 quoi ressembleraient nos journ\u00e9es si nous pouvions calmer les pens\u00e9es n\u00e9gatives r\u00e9currentes pour acc\u00e9der naturellement \u00e0 un espace mental de calme et de s\u00e9r\u00e9nit\u00e9? Lorsque les pens\u00e9es et les \u00e9motions n\u00e9gatives domine nos journ\u00e9es, nous n&rsquo;avons plus d&rsquo;\u00e9nergie et d&rsquo;espace psycho-\u00e9motionnel \u00e0 consacrer \u00e0 nos objectifs. \u00c9touff\u00e9s par l&#8217;emprise du malaise, notre vitalit\u00e9, notre motivation et notre concentration \u00e9chouent tout simplement, laissant la place \u00e0 une \u00e2me parfois insatisfaite et pessimiste.[\/vc_column_text][\/vc_column_inner][vc_column_inner width=\u00a0\u00bb1\/2&Prime;][vc_column_text]Une question se pose donc spontan\u00e9ment: \u00ab\u00a0Comment expliquez-vous qu&rsquo;il y ait dans le monde des gens qui parviennent toujours \u00e0 voir le verre \u00e0 moiti\u00e9 plein, pour permettre \u00e0 leur optimisme d&rsquo;attirer des opportunit\u00e9s et des circonstances favorables?\u00a0\u00bb. Le secret pour devenir un \u00abarchitecte\u00bb de sa propre r\u00e9alit\u00e9 r\u00e9side pr\u00e9cis\u00e9ment dans la transformation de son \u00e9tat psycho-\u00e9motionnel en bien-\u00eatre et potentiel. Dans ce livre, je vais vous r\u00e9v\u00e9ler comment transformer votre r\u00e9alit\u00e9 personnelle \u00e0 partir de la mise en valeur de vos pens\u00e9es et de vos \u00e9motions, afin d&rsquo;augmenter votre bien-\u00eatre personnel et votre potentiel d&rsquo;attraction gr\u00e2ce \u00e0 l&rsquo;\u00c9ducation Neuro-\u00c9motionnelle.<\/p>\n<p>Exp\u00e9dition en Suisse, pour les achats \u00e0 l&rsquo;\u00e9tranger <a href=\"https:\/\/amzn.to\/3a0pKbb\">https:\/\/amzn.to\/3a0pKbb<\/a>[\/vc_column_text][\/vc_column_inner][\/vc_row_inner][\/vc_column][\/vc_row][vc_row gradient_colors=\u00a0\u00bb%5B%7B%7D%5D\u00a0\u00bb kswr_row_top_decor_enabled=\u00a0\u00bbfalse\u00a0\u00bb kswr_row_bottom_decor_enabled=\u00a0\u00bbfalse\u00a0\u00bb css=\u00a0\u00bb.vc_custom_1580207407119{background-color: #f4f4f4 !important;}\u00a0\u00bb][vc_column width=\u00a0\u00bb5\/6&Prime; gradient_colors=\u00a0\u00bb%5B%7B%7D%5D\u00a0\u00bb css=\u00a0\u00bb.vc_custom_1580207466183{padding-top: 20px !important;padding-bottom: 25px !important;padding-left: 25px !important;}\u00a0\u00bb]<div class=\"kswr-ibi-container kswr-icon-thatc kswr-theelement\"  data-layout=\"iconleft\" data-icolayout=\"center\" data-hover=\"none\" ><div class=\"kswr-ibi-icon-ct\" style=\"margin-top:0px;margin-left:0px;margin-right:0px;margin-bottom:0px;\"><div class=\"kswr-icon-container kswr-icon-thatc kswr-icon-thatc-Pu5sFnkH\" data-rotation=\"false\" data-hover=\"none\" style=\"width:35px; height: 35px; line-height:35px;  border-radius: 0px; --hover-bg:transparent; \">\n\t\t\t\t<div class=\"kswr-icon-ic kswr-icon-ic-r kswr-icon-r\" style=\" font-size:18px;\"><i  style=\"color:#333;background-clip: inherit;background-color: inherit; -webkit-text-fill-color:#333;\" class=\"km-icon-calendar3\"><\/i><\/div>\n\t\t\t\t<div class=\"kswr-icon-ic kswr-icon-ic-h kswr-icon-h\" style=\"font-size:18px;\"><i style=\"color:#333;background-clip: inherit;background-color: inherit; -webkit-text-fill-color:#333;\" class=\"km-icon-calendar3\"><\/i><\/div>\n\t\t\t\t<div class=\"kswr-icon-bg kswr-icon-bg-r kswr-icon-r\" style=\"background:transparent;border:0px none transparent;border-width:0px;\"><\/div>\n\t\t\t\t<div class=\"kswr-icon-bg kswr-icon-bg-h kswr-icon-h\" style=\"background:transparent;\"><\/div>\n\t\t\t\t\n\t\t\t<\/div><\/div><div class=\"kswr-ibi-ct-leftright\"><div class=\"kswr-ibi-title-ct \"><div class=\"kswr-ibi-title kswr-shortcode-element \" data-fontsettings=\"font-size:18px;\" style=\"font-size:18px; font-family:Inherit;font-weight:inherit; color:#5b4554;margin-top:0px;margin-left:0px;margin-right:0px;margin-bottom:0px;\">Date de publication<\/div><div class=\"kswr-ibi-subtitle kswr-shortcode-element \" data-fontsettings=\"font-size:16px;\" style=\"font-size:16px; font-family:Inherit;font-weight:inherit; color:#383838;margin-top:0px;margin-left:0px;margin-right:0px;margin-bottom:0px;\">29 janvier 2021 - Italien<\/div><\/div><div class=\"kswr-ibi-bottom\"><div class=\"kswr-ibi-content kswr-shortcode-element \" data-fontsettings=\"font-size:15px;\" style=\"font-size:15px; font-family:Inherit;font-weight:inherit; color:#5b4554;margin-top:0px;margin-left:0px;margin-right:0px;margin-bottom:0px;\"><\/div><\/div><\/div><\/div>[vc_separator css=\u00a0\u00bb.vc_custom_1580207145087{padding-top: 10px !important;padding-bottom: 10px !important;}\u00a0\u00bb]<div class=\"kswr-ibi-container kswr-icon-thatc kswr-theelement\"  data-layout=\"iconleft\" data-icolayout=\"center\" data-hover=\"none\" ><div class=\"kswr-ibi-icon-ct\" style=\"margin-top:0px;margin-left:0px;margin-right:0px;margin-bottom:0px;\"><div class=\"kswr-icon-container kswr-icon-thatc kswr-icon-thatc-MSLo7TgQ\" data-rotation=\"false\" data-hover=\"none\" style=\"width:35px; height: 35px; line-height:35px;  border-radius: 0px; --hover-bg:transparent; \">\n\t\t\t\t<div class=\"kswr-icon-ic kswr-icon-ic-r kswr-icon-r\" style=\" font-size:18px;\"><i  style=\"color:#333;background-clip: inherit;background-color: inherit; -webkit-text-fill-color:#333;\" class=\"km-icon-uniE655\"><\/i><\/div>\n\t\t\t\t<div class=\"kswr-icon-ic kswr-icon-ic-h kswr-icon-h\" style=\"font-size:18px;\"><i style=\"color:#333;background-clip: inherit;background-color: inherit; -webkit-text-fill-color:#333;\" class=\"km-icon-uniE655\"><\/i><\/div>\n\t\t\t\t<div class=\"kswr-icon-bg kswr-icon-bg-r kswr-icon-r\" style=\"background:transparent;border:0px none transparent;border-width:0px;\"><\/div>\n\t\t\t\t<div class=\"kswr-icon-bg kswr-icon-bg-h kswr-icon-h\" style=\"background:transparent;\"><\/div>\n\t\t\t\t\n\t\t\t<\/div><\/div><div class=\"kswr-ibi-ct-leftright\"><div class=\"kswr-ibi-title-ct \"><div class=\"kswr-ibi-title kswr-shortcode-element \" data-fontsettings=\"font-size:18px;\" style=\"font-size:18px; font-family:Inherit;font-weight:inherit; color:#5b4554;margin-top:0px;margin-left:0px;margin-right:0px;margin-bottom:0px;\">Auteur<\/div><div class=\"kswr-ibi-subtitle kswr-shortcode-element \" data-fontsettings=\"font-size:16px;\" style=\"font-size:16px; font-family:Inherit;font-weight:inherit; color:#383838;margin-top:0px;margin-left:0px;margin-right:0px;margin-bottom:0px;\">Claudia Vece<\/div><\/div><div class=\"kswr-ibi-bottom\"><div class=\"kswr-ibi-content kswr-shortcode-element \" data-fontsettings=\"font-size:15px;\" style=\"font-size:15px; font-family:Inherit;font-weight:inherit; color:#5b4554;margin-top:0px;margin-left:0px;margin-right:0px;margin-bottom:0px;\"><\/div><\/div><\/div><\/div>[vc_separator css=\u00a0\u00bb.vc_custom_1580207145087{padding-top: 10px !important;padding-bottom: 10px !important;}\u00a0\u00bb]<div class=\"kswr-ibi-container kswr-icon-thatc kswr-theelement\"  data-layout=\"iconleft\" data-icolayout=\"center\" data-hover=\"none\" ><div class=\"kswr-ibi-icon-ct\" style=\"margin-top:0px;margin-left:0px;margin-right:0px;margin-bottom:0px;\"><div class=\"kswr-icon-container kswr-icon-thatc kswr-icon-thatc-IrUyhu0M\" data-rotation=\"false\" data-hover=\"none\" style=\"width:35px; height: 35px; line-height:35px;  border-radius: 0px; --hover-bg:transparent; \">\n\t\t\t\t<div class=\"kswr-icon-ic kswr-icon-ic-r kswr-icon-r\" style=\" font-size:18px;\"><i  style=\"color:#333;background-clip: inherit;background-color: inherit; -webkit-text-fill-color:#333;\" class=\"km-icon-book-open\"><\/i><\/div>\n\t\t\t\t<div class=\"kswr-icon-ic kswr-icon-ic-h kswr-icon-h\" style=\"font-size:18px;\"><i style=\"color:#333;background-clip: inherit;background-color: inherit; -webkit-text-fill-color:#333;\" class=\"km-icon-book-open\"><\/i><\/div>\n\t\t\t\t<div class=\"kswr-icon-bg kswr-icon-bg-r kswr-icon-r\" style=\"background:transparent;border:0px none transparent;border-width:0px;\"><\/div>\n\t\t\t\t<div class=\"kswr-icon-bg kswr-icon-bg-h kswr-icon-h\" style=\"background:transparent;\"><\/div>\n\t\t\t\t\n\t\t\t<\/div><\/div><div class=\"kswr-ibi-ct-leftright\"><div class=\"kswr-ibi-title-ct \"><div class=\"kswr-ibi-title kswr-shortcode-element \" data-fontsettings=\"font-size:18px;\" style=\"font-size:18px; font-family:Inherit;font-weight:inherit; color:#5b4554;margin-top:0px;margin-left:0px;margin-right:0px;margin-bottom:0px;\">\u00c9diteur<\/div><div class=\"kswr-ibi-subtitle kswr-shortcode-element \" data-fontsettings=\"font-size:16px;\" style=\"font-size:16px; font-family:Inherit;font-weight:inherit; color:#383838;margin-top:0px;margin-left:0px;margin-right:0px;margin-bottom:0px;\">Bruno Editore<\/div><\/div><div class=\"kswr-ibi-bottom\"><div class=\"kswr-ibi-content kswr-shortcode-element \" data-fontsettings=\"font-size:15px;\" style=\"font-size:15px; font-family:Inherit;font-weight:inherit; color:#5b4554;margin-top:0px;margin-left:0px;margin-right:0px;margin-bottom:0px;\"><\/div><\/div><\/div><\/div>[vc_separator css=\u00a0\u00bb.vc_custom_1580207135659{padding-top: 10px !important;padding-bottom: 10px !important;}\u00a0\u00bb][\/vc_column][vc_column width=\u00a0\u00bb1\/6&Prime;][\/vc_column][\/vc_row]<\/p>\n<\/section>","protected":false},"excerpt":{"rendered":"<p>Un livre d&rsquo;auto-coaching qui guide le lecteur dans l&rsquo;exploration de lui-m\u00eame. Il fournit des outils et des strat\u00e9gies pour transformer les pens\u00e9es et \u00e9motions n\u00e9gatives et augmenter le bien-\u00eatre psycho-\u00e9motionnel pour am\u00e9liorer la qualit\u00e9 de vie. Le contenu est d\u00e9velopp\u00e9 sur les principes de base des neurosciences, de la biologie et de la physique quantique, de cette mani\u00e8re le lecteur peut \u00e9largir sa connaissance de lui-m\u00eame et du fonctionnement de la r\u00e9alit\u00e9. C&rsquo;est un manuel \u00e9ducatif et informatif qui guide le lecteur \u00e0 travers un voyage introspectif.<\/p>\n<p>Auteur: Claudia Vece<br \/>\n\u00c9diteur: Bruno Editore<br \/>\nNombre de pages: 229<\/p>\n<h4>Auteur Bestseller # 1<br \/>\nAmazon.it 2021<\/h4>\n","protected":false},"featured_media":7244,"template":"","meta":{"inline_featured_image":false,"episode_type":"","audio_file":"","cover_image":"","cover_image_id":"","duration":"","filesize":"","date_recorded":"","explicit":"","block":"","filesize_raw":""},"product_brand":[],"product_cat":[159],"product_tag":[],"class_list":{"0":"post-7182","1":"product","2":"type-product","3":"status-publish","4":"has-post-thumbnail","6":"product_cat-livres","8":"first","9":"instock","10":"shipping-taxable","11":"purchasable","12":"product-type-simple"},"yoast_head":"<!-- This site is optimized with the Yoast SEO plugin v26.5 - https:\/\/yoast.com\/wordpress\/plugins\/seo\/ -->\n<title>Claudia Vece - Le livre &quot;Transformation neuro-\u00e9motionnelle&quot;<\/title>\n<meta name=\"description\" content=\"Achetez le livre \u00e9crit par Claudia Vece NEURO TRANSFORMATION EMOTIONNELLE &quot;Comment renforcer les pens\u00e9es et les \u00e9motions pour transformer votre r\u00e9alit\u00e9!&quot;\" \/>\n<meta name=\"robots\" content=\"index, follow, max-snippet:-1, max-image-preview:large, max-video-preview:-1\" \/>\n<link rel=\"canonical\" href=\"https:\/\/www.quantasia.ch\/fr\/produit\/claudia-vece-le-livre-transformation-neuro-emotionnelle\/\" \/>\n<meta property=\"og:locale\" content=\"fr_FR\" \/>\n<meta property=\"og:type\" content=\"article\" \/>\n<meta property=\"og:title\" content=\"Claudia Vece - Le livre &quot;Transformation neuro-\u00e9motionnelle&quot;\" \/>\n<meta property=\"og:description\" content=\"Achetez le livre \u00e9crit par Claudia Vece NEURO TRANSFORMATION EMOTIONNELLE &quot;Comment renforcer les pens\u00e9es et les \u00e9motions pour transformer votre r\u00e9alit\u00e9!&quot;\" \/>\n<meta property=\"og:url\" content=\"https:\/\/www.quantasia.ch\/fr\/produit\/claudia-vece-le-livre-transformation-neuro-emotionnelle\/\" \/>\n<meta property=\"og:site_name\" content=\"Quantasia SA\" \/>\n<meta property=\"article:modified_time\" content=\"2021-03-28T11:02:53+00:00\" \/>\n<meta property=\"og:image\" content=\"https:\/\/www.quantasia.ch\/wp-content\/uploads\/2020\/09\/atelir.png\" \/>\n\t<meta property=\"og:image:width\" content=\"1200\" \/>\n\t<meta property=\"og:image:height\" content=\"630\" \/>\n\t<meta property=\"og:image:type\" content=\"image\/png\" \/>\n<meta name=\"twitter:card\" content=\"summary_large_image\" \/>\n<meta name=\"twitter:label1\" content=\"Dur\u00e9e de lecture estim\u00e9e\" \/>\n\t<meta name=\"twitter:data1\" content=\"4 minutes\" \/>\n<script type=\"application\/ld+json\" class=\"yoast-schema-graph\">{\"@context\":\"https:\/\/schema.org\",\"@graph\":[{\"@type\":\"WebPage\",\"@id\":\"https:\/\/www.quantasia.ch\/fr\/produit\/claudia-vece-le-livre-transformation-neuro-emotionnelle\/\",\"url\":\"https:\/\/www.quantasia.ch\/fr\/produit\/claudia-vece-le-livre-transformation-neuro-emotionnelle\/\",\"name\":\"Claudia Vece - Le livre \\\"Transformation neuro-\u00e9motionnelle\\\"\",\"isPartOf\":{\"@id\":\"https:\/\/www.quantasia.ch\/fr\/#website\"},\"primaryImageOfPage\":{\"@id\":\"https:\/\/www.quantasia.ch\/fr\/produit\/claudia-vece-le-livre-transformation-neuro-emotionnelle\/#primaryimage\"},\"image\":{\"@id\":\"https:\/\/www.quantasia.ch\/fr\/produit\/claudia-vece-le-livre-transformation-neuro-emotionnelle\/#primaryimage\"},\"thumbnailUrl\":\"https:\/\/www.quantasia.ch\/wp-content\/uploads\/2020\/12\/Progetto-senza-titolo.png\",\"datePublished\":\"2020-12-26T06:35:41+00:00\",\"dateModified\":\"2021-03-28T11:02:53+00:00\",\"description\":\"Achetez le livre \u00e9crit par Claudia Vece NEURO TRANSFORMATION EMOTIONNELLE \\\"Comment renforcer les pens\u00e9es et les \u00e9motions pour transformer votre r\u00e9alit\u00e9!\\\"\",\"breadcrumb\":{\"@id\":\"https:\/\/www.quantasia.ch\/fr\/produit\/claudia-vece-le-livre-transformation-neuro-emotionnelle\/#breadcrumb\"},\"inLanguage\":\"fr-FR\",\"potentialAction\":[{\"@type\":\"ReadAction\",\"target\":[\"https:\/\/www.quantasia.ch\/fr\/produit\/claudia-vece-le-livre-transformation-neuro-emotionnelle\/\"]}]},{\"@type\":\"ImageObject\",\"inLanguage\":\"fr-FR\",\"@id\":\"https:\/\/www.quantasia.ch\/fr\/produit\/claudia-vece-le-livre-transformation-neuro-emotionnelle\/#primaryimage\",\"url\":\"https:\/\/www.quantasia.ch\/wp-content\/uploads\/2020\/12\/Progetto-senza-titolo.png\",\"contentUrl\":\"https:\/\/www.quantasia.ch\/wp-content\/uploads\/2020\/12\/Progetto-senza-titolo.png\",\"width\":1106,\"height\":1108},{\"@type\":\"BreadcrumbList\",\"@id\":\"https:\/\/www.quantasia.ch\/fr\/produit\/claudia-vece-le-livre-transformation-neuro-emotionnelle\/#breadcrumb\",\"itemListElement\":[{\"@type\":\"ListItem\",\"position\":1,\"name\":\"Home\",\"item\":\"https:\/\/www.quantasia.ch\/fr\/\"},{\"@type\":\"ListItem\",\"position\":2,\"name\":\"Boutique\",\"item\":\"https:\/\/www.quantasia.ch\/fr\/boutique\/\"},{\"@type\":\"ListItem\",\"position\":3,\"name\":\"LE LIVRETransformation Neuro-\u00c9motionnelle\"}]},{\"@type\":\"WebSite\",\"@id\":\"https:\/\/www.quantasia.ch\/fr\/#website\",\"url\":\"https:\/\/www.quantasia.ch\/fr\/\",\"name\":\"Quantasia SA\",\"description\":\"Educazione neuro-emozionale\",\"potentialAction\":[{\"@type\":\"SearchAction\",\"target\":{\"@type\":\"EntryPoint\",\"urlTemplate\":\"https:\/\/www.quantasia.ch\/fr\/?s={search_term_string}\"},\"query-input\":{\"@type\":\"PropertyValueSpecification\",\"valueRequired\":true,\"valueName\":\"search_term_string\"}}],\"inLanguage\":\"fr-FR\"}]}<\/script>\n<!-- \/ Yoast SEO plugin. -->","yoast_head_json":{"title":"Claudia Vece - Le livre \"Transformation neuro-\u00e9motionnelle\"","description":"Achetez le livre \u00e9crit par Claudia Vece NEURO TRANSFORMATION EMOTIONNELLE \"Comment renforcer les pens\u00e9es et les \u00e9motions pour transformer votre r\u00e9alit\u00e9!\"","robots":{"index":"index","follow":"follow","max-snippet":"max-snippet:-1","max-image-preview":"max-image-preview:large","max-video-preview":"max-video-preview:-1"},"canonical":"https:\/\/www.quantasia.ch\/fr\/produit\/claudia-vece-le-livre-transformation-neuro-emotionnelle\/","og_locale":"fr_FR","og_type":"article","og_title":"Claudia Vece - Le livre \"Transformation neuro-\u00e9motionnelle\"","og_description":"Achetez le livre \u00e9crit par Claudia Vece NEURO TRANSFORMATION EMOTIONNELLE \"Comment renforcer les pens\u00e9es et les \u00e9motions pour transformer votre r\u00e9alit\u00e9!\"","og_url":"https:\/\/www.quantasia.ch\/fr\/produit\/claudia-vece-le-livre-transformation-neuro-emotionnelle\/","og_site_name":"Quantasia SA","article_modified_time":"2021-03-28T11:02:53+00:00","og_image":[{"width":1200,"height":630,"url":"https:\/\/www.quantasia.ch\/wp-content\/uploads\/2020\/09\/atelir.png","type":"image\/png"}],"twitter_card":"summary_large_image","twitter_misc":{"Dur\u00e9e de lecture estim\u00e9e":"4 minutes"},"schema":{"@context":"https:\/\/schema.org","@graph":[{"@type":"WebPage","@id":"https:\/\/www.quantasia.ch\/fr\/produit\/claudia-vece-le-livre-transformation-neuro-emotionnelle\/","url":"https:\/\/www.quantasia.ch\/fr\/produit\/claudia-vece-le-livre-transformation-neuro-emotionnelle\/","name":"Claudia Vece - Le livre \"Transformation neuro-\u00e9motionnelle\"","isPartOf":{"@id":"https:\/\/www.quantasia.ch\/fr\/#website"},"primaryImageOfPage":{"@id":"https:\/\/www.quantasia.ch\/fr\/produit\/claudia-vece-le-livre-transformation-neuro-emotionnelle\/#primaryimage"},"image":{"@id":"https:\/\/www.quantasia.ch\/fr\/produit\/claudia-vece-le-livre-transformation-neuro-emotionnelle\/#primaryimage"},"thumbnailUrl":"https:\/\/www.quantasia.ch\/wp-content\/uploads\/2020\/12\/Progetto-senza-titolo.png","datePublished":"2020-12-26T06:35:41+00:00","dateModified":"2021-03-28T11:02:53+00:00","description":"Achetez le livre \u00e9crit par Claudia Vece NEURO TRANSFORMATION EMOTIONNELLE \"Comment renforcer les pens\u00e9es et les \u00e9motions pour transformer votre r\u00e9alit\u00e9!\"","breadcrumb":{"@id":"https:\/\/www.quantasia.ch\/fr\/produit\/claudia-vece-le-livre-transformation-neuro-emotionnelle\/#breadcrumb"},"inLanguage":"fr-FR","potentialAction":[{"@type":"ReadAction","target":["https:\/\/www.quantasia.ch\/fr\/produit\/claudia-vece-le-livre-transformation-neuro-emotionnelle\/"]}]},{"@type":"ImageObject","inLanguage":"fr-FR","@id":"https:\/\/www.quantasia.ch\/fr\/produit\/claudia-vece-le-livre-transformation-neuro-emotionnelle\/#primaryimage","url":"https:\/\/www.quantasia.ch\/wp-content\/uploads\/2020\/12\/Progetto-senza-titolo.png","contentUrl":"https:\/\/www.quantasia.ch\/wp-content\/uploads\/2020\/12\/Progetto-senza-titolo.png","width":1106,"height":1108},{"@type":"BreadcrumbList","@id":"https:\/\/www.quantasia.ch\/fr\/produit\/claudia-vece-le-livre-transformation-neuro-emotionnelle\/#breadcrumb","itemListElement":[{"@type":"ListItem","position":1,"name":"Home","item":"https:\/\/www.quantasia.ch\/fr\/"},{"@type":"ListItem","position":2,"name":"Boutique","item":"https:\/\/www.quantasia.ch\/fr\/boutique\/"},{"@type":"ListItem","position":3,"name":"LE LIVRETransformation Neuro-\u00c9motionnelle"}]},{"@type":"WebSite","@id":"https:\/\/www.quantasia.ch\/fr\/#website","url":"https:\/\/www.quantasia.ch\/fr\/","name":"Quantasia SA","description":"Educazione neuro-emozionale","potentialAction":[{"@type":"SearchAction","target":{"@type":"EntryPoint","urlTemplate":"https:\/\/www.quantasia.ch\/fr\/?s={search_term_string}"},"query-input":{"@type":"PropertyValueSpecification","valueRequired":true,"valueName":"search_term_string"}}],"inLanguage":"fr-FR"}]}},"jetpack_sharing_enabled":true,"_links":{"self":[{"href":"https:\/\/www.quantasia.ch\/fr\/wp-json\/wp\/v2\/product\/7182","targetHints":{"allow":["GET"]}}],"collection":[{"href":"https:\/\/www.quantasia.ch\/fr\/wp-json\/wp\/v2\/product"}],"about":[{"href":"https:\/\/www.quantasia.ch\/fr\/wp-json\/wp\/v2\/types\/product"}],"wp:featuredmedia":[{"embeddable":true,"href":"https:\/\/www.quantasia.ch\/fr\/wp-json\/wp\/v2\/media\/7244"}],"wp:attachment":[{"href":"https:\/\/www.quantasia.ch\/fr\/wp-json\/wp\/v2\/media?parent=7182"}],"wp:term":[{"taxonomy":"product_brand","embeddable":true,"href":"https:\/\/www.quantasia.ch\/fr\/wp-json\/wp\/v2\/product_brand?post=7182"},{"taxonomy":"product_cat","embeddable":true,"href":"https:\/\/www.quantasia.ch\/fr\/wp-json\/wp\/v2\/product_cat?post=7182"},{"taxonomy":"product_tag","embeddable":true,"href":"https:\/\/www.quantasia.ch\/fr\/wp-json\/wp\/v2\/product_tag?post=7182"}],"curies":[{"name":"wp","href":"https:\/\/api.w.org\/{rel}","templated":true}]}}